{"id":675,"date":"2016-01-06T20:23:47","date_gmt":"2016-01-06T19:23:47","guid":{"rendered":"http:\/\/twk.szczecin.pl\/chociwel\/?page_id=675"},"modified":"2021-06-10T15:25:45","modified_gmt":"2021-06-10T13:25:45","slug":"twk-chociwel","status":"publish","type":"page","link":"https:\/\/twk.szczecin.pl\/chociwel\/","title":{"rendered":"TWK Chociwel"},"content":{"rendered":"\n<div class=\"wp-block-image\"><figure class=\"aligncenter\"><a href=\"http:\/\/twk.szczecin.pl\/chociwel\/wp-content\/uploads\/2016\/01\/chociwel1p-1.png\"><img src=\"http:\/\/twk.szczecin.pl\/chociwel\/wp-content\/uploads\/2016\/01\/chociwel1p-1.png\" alt=\"Bo\u017ce Narodzenie 2015\" class=\"wp-image-550\"\/><\/a><\/figure><\/div>\n\n\n\n<hr class=\"wp-block-separator has-text-color has-background has-black-background-color has-black-color is-style-wide\"\/>\n\n\n\n<div class=\"wp-block-image\"><figure class=\"aligncenter size-full is-resized\"><img loading=\"lazy\" src=\"https:\/\/twk.szczecin.pl\/chociwel\/wp-content\/uploads\/2021\/06\/wir-prow-leader-ue-twk.png\" alt=\"\" class=\"wp-image-3074\" width=\"575\" height=\"82\" srcset=\"https:\/\/twk.szczecin.pl\/chociwel\/wp-content\/uploads\/2021\/06\/wir-prow-leader-ue-twk.png 1734w, https:\/\/twk.szczecin.pl\/chociwel\/wp-content\/uploads\/2021\/06\/wir-prow-leader-ue-twk-300x43.png 300w, https:\/\/twk.szczecin.pl\/chociwel\/wp-content\/uploads\/2021\/06\/wir-prow-leader-ue-twk-1024x146.png 1024w, https:\/\/twk.szczecin.pl\/chociwel\/wp-content\/uploads\/2021\/06\/wir-prow-leader-ue-twk-1536x219.png 1536w, https:\/\/twk.szczecin.pl\/chociwel\/wp-content\/uploads\/2021\/06\/wir-prow-leader-ue-twk-624x89.png 624w\" sizes=\"(max-width: 575px) 100vw, 575px\" \/><\/figure><\/div>\n\n\n\n<p class=\"has-text-align-center has-white-color has-vivid-cyan-blue-background-color has-text-color has-background has-medium-font-size\"><strong>Europejski Fundusz Rolny na rzecz Rozwoju Obszar\u00f3w Wiejskich:<\/strong><br>&#8222;<strong>Europa inwestuj\u0105ca w obszary wiejskie\u201d<\/strong><\/p>\n\n\n\n<p class=\"has-text-align-center\">Operacja wsp\u00f3\u0142finansowana ze \u015brodk\u00f3w Unii Europejskiej<\/p>\n\n\n\n<p class=\"has-text-align-center\">w ramach poddzia\u0142ania 19.2 \u201eWsparcie na wdra\u017canie operacji w ramach strategii rozwoju lokalnego kierowanego przez spo\u0142eczno\u015b\u0107\u201d obj\u0119tego Programem Rozwoju Obszar\u00f3w Wiejskich na lata 2014 &#8211; 2020.<\/p>\n\n\n\n<p class=\"has-text-align-center\"><strong>Jesienno-zimowe klimaty &#8211; wydarzenie w gminie Chociwel<\/strong><\/p>\n\n\n\n<p>Towarzystwo Walki z Kalectwem Ko\u0142o Terenowe w Chociwlu podpisa\u0142o umow\u0119 ze Stowarzyszeniem \u201eWIR\u201d- Wiejska Inicjatywa Rozwoju na realizacj\u0119 operacji grantowej pn.<\/p>\n\n\n\n<p class=\"has-text-align-center has-white-color has-luminous-vivid-orange-background-color has-text-color has-background\">\u201e<strong>Jesienno-zimowe klimaty&#8221; -wydarzenie w gminie Chociwel<\/strong><\/p>\n\n\n\n<p class=\"has-text-align-center has-black-color has-pale-cyan-blue-background-color has-text-color has-background\">&nbsp;<strong>Partnerem projektu jest Gmina Chociwel.<\/strong><\/p>\n\n\n\n<p class=\"has-black-color has-text-color\">W ramach operacji grantowej zostan\u0105 przeprowadzone<br><strong><u>Warsztaty z wykonywania bombek i zwiedzanie fabryki bombek w Koszalinie-23.06.2020, godz. 11,00, pierwsze\u0144stwo osoby niepe\u0142nosprawne<\/u><\/strong> &#8211;\u00a0 <strong>dla 17 os\u00f3b<\/strong> (decyduje kolejno\u015b\u0107 zg\u0142oszenia, zapisy Jacek Sobo\u0144).<br>Ze wzgl\u0119du na pandemi\u0119 obowi\u0105zuj\u0105 wszelkie zasady bezpiecze\u0144stwa.<\/p>\n\n\n\n<p class=\"has-text-align-right\"><strong>Prezes Ko\u0142a w Chociwlu<\/strong><\/p>\n\n\n\n<p class=\"has-text-align-right\"><strong>Andrzej Zieli\u0144ski<\/strong><\/p>\n\n\n\n<hr class=\"wp-block-separator has-text-color has-background has-black-background-color has-black-color is-style-wide\"\/>\n\n\n\n<hr class=\"wp-block-separator has-text-color has-background has-black-background-color has-black-color is-style-wide\"\/>\n\n\n\n<p class=\"has-text-align-center\"><span style=\"color: #000033; font-size: medium;\"><span style=\"font-size: large;\"><b>Polskie Towarzystwo Walki z Kalectwem, Ko\u0142o Terenowe w Chociwlu<\/b><\/span><\/span><\/p>\n\n\n\n<p class=\"has-text-align-center\"><span style=\"color: #000033; font-size: medium;\">Ul. Armii Krajowej 50<br>73-120 Chociwel<\/span><\/p>\n\n\n\n<h3><span style=\"font-size: medium;\"> <img style=\"width: 140px; height: 106px;\" src=\"http:\/\/twk.szczecin.pl\/chociwel\/wp-content\/uploads\/2016\/01\/telefontwk.png\" alt=\"\" border=\"0\"><\/span><span style=\"color: #330099;\"><span style=\"font-size: medium;\"><strong>&nbsp; kom. 503 056 039<br><\/strong><\/span><\/span><\/h3>\n\n\n\n<h3 class=\"has-text-align-right\"><span style=\"font-family: Arial;\"><a href=\"mailto:twkchociwel@gmail.com\" target=\"_blank\" rel=\"noopener\"><span style=\"font-size: medium;\">twkchociwel@gmail.com<\/span><\/a><\/span><img loading=\"lazy\" style=\"border: 0px none;\" src=\"http:\/\/twk.szczecin.pl\/chociwel\/wp-content\/uploads\/2016\/01\/kopertasmall.jpg\" alt=\"\" width=\"130\" height=\"94\" border=\"0\"><\/h3>\n\n\n\n<div class=\"wp-block-image\"><figure class=\"alignleft\"><a href=\"https:\/\/www.facebook.com\/twkchociwel\" target=\"_blank\" rel=\"noopener\"><img src=\"http:\/\/twk.szczecin.pl\/chociwel\/wp-content\/uploads\/2016\/01\/fb_icon-e1424290266134.png\" alt=\"fb_icon\" class=\"wp-image-421\"\/><\/a><\/figure><\/div>\n\n\n\n<p class=\"has-text-align-left\"><a href=\"https:\/\/www.facebook.com\/twkchociwel\" target=\"_blank\" rel=\"noopener\"><span style=\"color: #330099;\"><span style=\"font-size: medium;\"><strong>www.facebook.com\/twkchociwe<\/strong><\/span><\/span><span style=\"color: #330099;\"><span style=\"font-size: medium;\"><strong>l<\/strong><\/span><\/span><\/a><\/p>\n\n\n\n<hr class=\"wp-block-separator\"\/>\n\n\n\n<p><iframe src=\"https:\/\/maps.google.pl\/maps?f=q&amp;source=s_q&amp;hl=pl&amp;geocode=&amp;q=Armii+Krajowej+50,+Chociwel&amp;aq=2&amp;oq=Armii+Krajowej+50+cho&amp;sll=53.466179,15.33248&amp;sspn=0.001378,0.002411&amp;g=Armii+Krajowej+50,+Chociwel&amp;ie=UTF8&amp;hq=&amp;hnear=Armii+Krajowej+50,+73-120+Chociwel,+stargardzki,+Wojew%C3%B3dztwo+zachodniopomorskie&amp;ll=53.466178,15.332105&amp;spn=0.005486,0.009645&amp;t=m&amp;z=14&amp;output=embed\" marginwidth=\"0\" marginheight=\"0\" scrolling=\"no\" width=\"425\" height=\"350\" frameborder=\"0\"><\/iframe><br><small><a style=\"color: #0000ff; text-align: left;\" href=\"https:\/\/maps.google.pl\/maps?f=q&amp;source=embed&amp;hl=pl&amp;geocode=&amp;q=Armii+Krajowej+50,+Chociwel&amp;aq=2&amp;oq=Armii+Krajowej+50+cho&amp;sll=53.466179,15.33248&amp;sspn=0.001378,0.002411&amp;g=Armii+Krajowej+50,+Chociwel&amp;ie=UTF8&amp;hq=&amp;hnear=Armii+Krajowej+50,+73-120+Chociwel,+stargardzki,+Wojew%C3%B3dztwo+zachodniopomorskie&amp;ll=53.466178,15.332105&amp;spn=0.005486,0.009645&amp;t=m&amp;z=14\">Wy\u015bwietl wi\u0119ksz\u0105 map\u0119<\/a><\/small><\/p>\n\n\n\n<div class=\"wp-block-image\"><figure class=\"aligncenter\"><a href=\"http:\/\/ortofach.pl\/\" rel=\"noopener\"><img src=\"http:\/\/twk.szczecin.pl\/chociwel\/wp-content\/uploads\/2016\/01\/ortofach_nalepka20x50cm.jpg\" alt=\"ortofach.pl\" class=\"wp-image-329\"\/><\/a><figcaption>ortofach.pl<\/figcaption><\/figure><\/div>\n\n\n\n<hr class=\"wp-block-separator\"\/>\n\n\n\n<div class=\"wp-block-image\"><figure class=\"aligncenter\"><img src=\"http:\/\/twk.szczecin.pl\/chociwel\/wp-content\/uploads\/2016\/01\/LOGO-TWK-OW-SZCZECIN-150x150-1.png\" alt=\"LOGO TWK OW SZCZECIN\" class=\"wp-image-552\"\/><\/figure><\/div>\n","protected":false},"excerpt":{"rendered":"<p>Europejski Fundusz Rolny na rzecz Rozwoju Obszar\u00f3w Wiejskich:&#8222;Europa inwestuj\u0105ca w obszary wiejskie\u201d Operacja wsp\u00f3\u0142finansowana ze \u015brodk\u00f3w Unii Europejskiej w ramach poddzia\u0142ania 19.2 \u201eWsparcie na wdra\u017canie operacji w ramach strategii rozwoju lokalnego kierowanego przez spo\u0142eczno\u015b\u0107\u201d obj\u0119tego Programem Rozwoju Obszar\u00f3w Wiejskich na lata 2014 &#8211; 2020. Jesienno-zimowe klimaty &#8211; wydarzenie w gminie Chociwel Towarzystwo Walki z Kalectwem [&hellip;]<\/p>\n<div class='the_champ_sharing_container the_champ_vertical_sharing' style='width:49px;left: -10px;top: 100px;-webkit-box-shadow:none;box-shadow:none;' super-socializer-data-href=\"https:\/\/twk.szczecin.pl\/chociwel\/wp-json\/wp\/v2\/pages\/675\"><ul class=\"the_champ_sharing_ul\"><li class=\"\"><i style=\"width:45px;height:45px;margin:0;\" alt=\"Facebook\" Title=\"Facebook\" class=\"theChampSharing theChampFacebookBackground\" onclick='theChampPopup(\"https:\/\/www.facebook.com\/sharer\/sharer.php?u=https%3A%2F%2Ftwk.szczecin.pl%2Fchociwel%2Fwp-json%2Fwp%2Fv2%2Fpages%2F675\")'><ss style=\"display:block;\" class=\"theChampSharingSvg theChampFacebookSvg\"><\/ss><\/i><\/li><li class=\"\"><i style=\"width:45px;height:45px;margin:0;\" alt=\"Twitter\" Title=\"Twitter\" class=\"theChampSharing theChampTwitterBackground\" onclick='theChampPopup(\"http:\/\/twitter.com\/intent\/tweet?text=TWK%20Chociwel%20-%20Polskie%20Towarzystwwo%20Walki%20z%20Kalectwem%20Ko%C5%82o%20Terenowe%20w%20Chociwlu&url=https%3A%2F%2Ftwk.szczecin.pl%2Fchociwel%2Fwp-json%2Fwp%2Fv2%2Fpages%2F675\")'><ss style=\"display:block;\" class=\"theChampSharingSvg theChampTwitterSvg\"><\/ss><\/i><\/li><li class=\"\"><i style=\"width:45px;height:45px;margin:0;\" alt=\"Email\" Title=\"Email\" class=\"theChampSharing theChampEmailBackground\" onclick=\"window.open('mailto:?subject=' + decodeURIComponent('TWK%20Chociwel%20-%20Polskie%20Towarzystwwo%20Walki%20z%20Kalectwem%20Ko%C5%82o%20Terenowe%20w%20Chociwlu' ).replace('&', '%26') + '&body=' + decodeURIComponent('https%3A%2F%2Ftwk.szczecin.pl%2Fchociwel%2Fwp-json%2Fwp%2Fv2%2Fpages%2F675' ), '_blank')\"><ss style=\"display:block\" class=\"theChampSharingSvg theChampEmailSvg\"><\/ss><\/i><\/li><li class=\"\"><i style=\"width:45px;height:45px;margin:0;\" alt=\"Print\" Title=\"Print\" class=\"theChampSharing theChampPrintBackground\" onclick='window.print()'><ss style=\"display:block\" class=\"theChampSharingSvg theChampPrintSvg\"><\/ss><\/i><\/li><li class=\"\"><i style=\"width:45px;height:45px;margin:0;\" alt=\"Google Gmail\" Title=\"Google Gmail\" class=\"theChampSharing theChampGoogleGmailBackground\" onclick='theChampPopup(\"https:\/\/mail.google.com\/mail\/?ui=2&view=cm&fs=1&tf=1&su=TWK%20Chociwel%20-%20Polskie%20Towarzystwwo%20Walki%20z%20Kalectwem%20Ko%C5%82o%20Terenowe%20w%20Chociwlu&body=Link:https%3A%2F%2Ftwk.szczecin.pl%2Fchociwel%2Fwp-json%2Fwp%2Fv2%2Fpages%2F675\")'><ss style=\"display:block;\" class=\"theChampSharingSvg theChampGoogleGmailSvg\"><\/ss><\/i><\/li><\/ul><div style=\"clear:both\"><\/div><\/div>","protected":false},"author":1,"featured_media":0,"parent":0,"menu_order":0,"comment_status":"closed","ping_status":"closed","template":"","meta":{"ngg_post_thumbnail":0},"_links":{"self":[{"href":"https:\/\/twk.szczecin.pl\/chociwel\/wp-json\/wp\/v2\/pages\/675"}],"collection":[{"href":"https:\/\/twk.szczecin.pl\/chociwel\/wp-json\/wp\/v2\/pages"}],"about":[{"href":"https:\/\/twk.szczecin.pl\/chociwel\/wp-json\/wp\/v2\/types\/page"}],"author":[{"embeddable":true,"href":"https:\/\/twk.szczecin.pl\/chociwel\/wp-json\/wp\/v2\/users\/1"}],"replies":[{"embeddable":true,"href":"https:\/\/twk.szczecin.pl\/chociwel\/wp-json\/wp\/v2\/comments?post=675"}],"version-history":[{"count":38,"href":"https:\/\/twk.szczecin.pl\/chociwel\/wp-json\/wp\/v2\/pages\/675\/revisions"}],"predecessor-version":[{"id":3083,"href":"https:\/\/twk.szczecin.pl\/chociwel\/wp-json\/wp\/v2\/pages\/675\/revisions\/3083"}],"wp:attachment":[{"href":"https:\/\/twk.szczecin.pl\/chociwel\/wp-json\/wp\/v2\/media?parent=675"}],"curies":[{"name":"wp","href":"https:\/\/api.w.org\/{rel}","templated":true}]}}